{"id":139,"date":"2024-01-15T14:26:19","date_gmt":"2024-01-15T11:26:19","guid":{"rendered":"https:\/\/cargoeu.com\/pl\/for-clients\/"},"modified":"2026-02-05T14:13:18","modified_gmt":"2026-02-05T11:13:18","slug":"for-clients","status":"publish","type":"page","link":"https:\/\/cargoeu.com\/pl\/for-clients\/","title":{"rendered":"Dla klienta"},"content":{"rendered":"\t\t<div data-elementor-type=\"wp-page\" data-elementor-id=\"139\" class=\"elementor elementor-139\" data-elementor-post-type=\"page\">\n\t\t\t\t<div class=\"elementor-element elementor-element-3f5c64c e-flex e-con-boxed e-con e-parent\" data-id=\"3f5c64c\" data-element_type=\"container\" data-settings=\"{&quot;background_background&quot;:&quot;video&quot;,&quot;background_video_link&quot;:&quot;https:\\\/\\\/vimeo.com\\\/914683869&quot;,&quot;background_play_on_mobile&quot;:&quot;yes&quot;}\">\n\t\t\t\t\t<div class=\"e-con-inner\">\n\t\t<div class=\"elementor-background-video-container\" aria-hidden=\"true\">\n\t\t\t\t\t\t\t<div class=\"elementor-background-video-embed\"><\/div>\n\t\t\t\t\t\t<\/div><div class=\"elementor-element elementor-element-32d48ca e-con-full blur2 e-flex e-con e-child\" data-id=\"32d48ca\" data-element_type=\"container\">\n\t\t\t\t<div class=\"elementor-element elementor-element-421a309 elementor-widget elementor-widget-heading\" data-id=\"421a309\" data-element_type=\"widget\" data-widget_type=\"heading.default\">\n\t\t\t\t<div class=\"elementor-widget-container\">\n\t\t\t\t\t<h1 class=\"elementor-heading-title elementor-size-default\">Dla klienta<\/h1>\t\t\t\t<\/div>\n\t\t\t\t<\/div>\n\t\t\t\t<div class=\"elementor-element elementor-element-a407f3a elementor-widget-divider--view-line_icon elementor-view-default elementor-widget-divider--element-align-center elementor-widget elementor-widget-divider\" data-id=\"a407f3a\" data-element_type=\"widget\" data-widget_type=\"divider.default\">\n\t\t\t\t<div class=\"elementor-widget-container\">\n\t\t\t\t\t\t\t<div class=\"elementor-divider\">\n\t\t\t<span class=\"elementor-divider-separator\">\n\t\t\t\t\t\t\t<div class=\"elementor-icon elementor-divider__element\">\n\t\t\t\t\t<svg aria-hidden=\"true\" class=\"e-font-icon-svg e-fas-truck-moving\" viewBox=\"0 0 640 512\" xmlns=\"http:\/\/www.w3.org\/2000\/svg\"><path d=\"M621.3 237.3l-58.5-58.5c-12-12-28.3-18.7-45.3-18.7H480V64c0-17.7-14.3-32-32-32H32C14.3 32 0 46.3 0 64v336c0 44.2 35.8 80 80 80 26.3 0 49.4-12.9 64-32.4 14.6 19.6 37.7 32.4 64 32.4 44.2 0 80-35.8 80-80 0-5.5-.6-10.8-1.6-16h163.2c-1.1 5.2-1.6 10.5-1.6 16 0 44.2 35.8 80 80 80s80-35.8 80-80c0-5.5-.6-10.8-1.6-16H624c8.8 0 16-7.2 16-16v-85.5c0-17-6.7-33.2-18.7-45.2zM80 432c-17.6 0-32-14.4-32-32s14.4-32 32-32 32 14.4 32 32-14.4 32-32 32zm128 0c-17.6 0-32-14.4-32-32s14.4-32 32-32 32 14.4 32 32-14.4 32-32 32zm272-224h37.5c4.3 0 8.3 1.7 11.3 4.7l43.3 43.3H480v-48zm48 224c-17.6 0-32-14.4-32-32s14.4-32 32-32 32 14.4 32 32-14.4 32-32 32z\"><\/path><\/svg><\/div>\n\t\t\t\t\t\t<\/span>\n\t\t<\/div>\n\t\t\t\t\t\t<\/div>\n\t\t\t\t<\/div>\n\t\t\t\t<div class=\"elementor-element elementor-element-10bd63e elementor-widget elementor-widget-heading\" data-id=\"10bd63e\" data-element_type=\"widget\" data-widget_type=\"heading.default\">\n\t\t\t\t<div class=\"elementor-widget-container\">\n\t\t\t\t\t<h3 class=\"elementor-heading-title elementor-size-default\">SZOFER CARGO EUROPE\nKompleksowe rozwi\u0105zanie logistyczne<\/h3>\t\t\t\t<\/div>\n\t\t\t\t<\/div>\n\t\t\t\t<div class=\"elementor-element elementor-element-3892c51 elementor-widget elementor-widget-text-editor\" data-id=\"3892c51\" data-element_type=\"widget\" data-widget_type=\"text-editor.default\">\n\t\t\t\t<div class=\"elementor-widget-container\">\n\t\t\t\t\t\t\t\t\t<p>W SZOFER CARGO EUROPE nie jeste\u015bmy tylko dostawc\u0105 logistycznym; jeste\u015bmy Twoim strategicznym partnerem w zarz\u0105dzaniu ca\u0142ym \u0142a\u0144cuchem dostaw. Dbamy o to, aby ka\u017cdy \u0142adunek by\u0142 obs\u0142ugiwany efektywnie i profesjonalnie, od momentu odbioru do miejsca dostawy.<\/p>\t\t\t\t\t\t\t\t<\/div>\n\t\t\t\t<\/div>\n\t\t\t\t<div class=\"elementor-element elementor-element-eea04d8 elementor-widget elementor-widget-heading\" data-id=\"eea04d8\" data-element_type=\"widget\" data-widget_type=\"heading.default\">\n\t\t\t\t<div class=\"elementor-widget-container\">\n\t\t\t\t\t<h3 class=\"elementor-heading-title elementor-size-default\">Wznosimy Twoj\u0105 Logistyk\u0119 na Wy\u017cszy Poziom<\/h3>\t\t\t\t<\/div>\n\t\t\t\t<\/div>\n\t\t\t\t<div class=\"elementor-element elementor-element-15f0778 elementor-widget-divider--view-line_icon elementor-view-default elementor-widget-divider--element-align-center elementor-widget elementor-widget-divider\" data-id=\"15f0778\" data-element_type=\"widget\" data-widget_type=\"divider.default\">\n\t\t\t\t<div class=\"elementor-widget-container\">\n\t\t\t\t\t\t\t<div class=\"elementor-divider\">\n\t\t\t<span class=\"elementor-divider-separator\">\n\t\t\t\t\t\t\t<div class=\"elementor-icon elementor-divider__element\">\n\t\t\t\t\t<svg aria-hidden=\"true\" class=\"e-font-icon-svg e-fas-truck-moving\" viewBox=\"0 0 640 512\" xmlns=\"http:\/\/www.w3.org\/2000\/svg\"><path d=\"M621.3 237.3l-58.5-58.5c-12-12-28.3-18.7-45.3-18.7H480V64c0-17.7-14.3-32-32-32H32C14.3 32 0 46.3 0 64v336c0 44.2 35.8 80 80 80 26.3 0 49.4-12.9 64-32.4 14.6 19.6 37.7 32.4 64 32.4 44.2 0 80-35.8 80-80 0-5.5-.6-10.8-1.6-16h163.2c-1.1 5.2-1.6 10.5-1.6 16 0 44.2 35.8 80 80 80s80-35.8 80-80c0-5.5-.6-10.8-1.6-16H624c8.8 0 16-7.2 16-16v-85.5c0-17-6.7-33.2-18.7-45.2zM80 432c-17.6 0-32-14.4-32-32s14.4-32 32-32 32 14.4 32 32-14.4 32-32 32zm128 0c-17.6 0-32-14.4-32-32s14.4-32 32-32 32 14.4 32 32-14.4 32-32 32zm272-224h37.5c4.3 0 8.3 1.7 11.3 4.7l43.3 43.3H480v-48zm48 224c-17.6 0-32-14.4-32-32s14.4-32 32-32 32 14.4 32 32-14.4 32-32 32z\"><\/path><\/svg><\/div>\n\t\t\t\t\t\t<\/span>\n\t\t<\/div>\n\t\t\t\t\t\t<\/div>\n\t\t\t\t<\/div>\n\t\t\t\t<div class=\"elementor-element elementor-element-0099cbf elementor-widget elementor-widget-text-editor\" data-id=\"0099cbf\" data-element_type=\"widget\" data-widget_type=\"text-editor.default\">\n\t\t\t\t<div class=\"elementor-widget-container\">\n\t\t\t\t\t\t\t\t\t<p>Skontaktuj si\u0119 z naszymi ekspertami ju\u017c dzi\u015b, aby om\u00f3wi\u0107 swoje indywidualne potrzeby. Jeste\u015bmy tutaj, aby podnie\u015b\u0107 poziom Twoich operacji logistycznych, zapewniaj\u0105c precyzj\u0119, zwinno\u015b\u0107 i doskona\u0142o\u015b\u0107 na ka\u017cdym etapie Twojego \u0142a\u0144cucha dostaw.<\/p>\t\t\t\t\t\t\t\t<\/div>\n\t\t\t\t<\/div>\n\t\t\t\t<div class=\"elementor-element elementor-element-4a659a0 elementor-align-center elementor-widget elementor-widget-button\" data-id=\"4a659a0\" data-element_type=\"widget\" data-widget_type=\"button.default\">\n\t\t\t\t<div class=\"elementor-widget-container\">\n\t\t\t\t\t\t\t\t\t<div class=\"elementor-button-wrapper\">\n\t\t\t\t\t<a class=\"elementor-button elementor-button-link elementor-size-md\" href=\"https:\/\/cargoeu.com\/pl\/contacts\/\">\n\t\t\t\t\t\t<span class=\"elementor-button-content-wrapper\">\n\t\t\t\t\t\t\t\t\t<span class=\"elementor-button-text\">kontakt<\/span>\n\t\t\t\t\t<\/span>\n\t\t\t\t\t<\/a>\n\t\t\t\t<\/div>\n\t\t\t\t\t\t\t\t<\/div>\n\t\t\t\t<\/div>\n\t\t\t\t<\/div>\n\t\t\t\t\t<\/div>\n\t\t\t\t<\/div>\n\t\t<div class=\"elementor-element elementor-element-8134416 e-flex e-con-boxed e-con e-parent\" data-id=\"8134416\" data-element_type=\"container\" data-settings=\"{&quot;background_background&quot;:&quot;classic&quot;}\">\n\t\t\t\t\t<div class=\"e-con-inner\">\n\t\t<div class=\"elementor-element elementor-element-15a345f e-con-full blur2 e-flex e-con e-child\" data-id=\"15a345f\" data-element_type=\"container\">\n\t\t<div class=\"elementor-element elementor-element-f3bdf6c e-con-full e-flex e-con e-child\" data-id=\"f3bdf6c\" data-element_type=\"container\">\n\t\t\t\t<div class=\"elementor-element elementor-element-327b27a elementor-widget elementor-widget-heading\" data-id=\"327b27a\" data-element_type=\"widget\" data-widget_type=\"heading.default\">\n\t\t\t\t<div class=\"elementor-widget-container\">\n\t\t\t\t\t<h3 class=\"elementor-heading-title elementor-size-default\">Dlaczego my<\/h3>\t\t\t\t<\/div>\n\t\t\t\t<\/div>\n\t\t\t\t<div class=\"elementor-element elementor-element-8efc689 elementor-widget-divider--view-line_icon elementor-view-default elementor-widget-divider--element-align-center elementor-widget elementor-widget-divider\" data-id=\"8efc689\" data-element_type=\"widget\" data-widget_type=\"divider.default\">\n\t\t\t\t<div class=\"elementor-widget-container\">\n\t\t\t\t\t\t\t<div class=\"elementor-divider\">\n\t\t\t<span class=\"elementor-divider-separator\">\n\t\t\t\t\t\t\t<div class=\"elementor-icon elementor-divider__element\">\n\t\t\t\t\t<svg aria-hidden=\"true\" class=\"e-font-icon-svg e-fas-truck-moving\" viewBox=\"0 0 640 512\" xmlns=\"http:\/\/www.w3.org\/2000\/svg\"><path d=\"M621.3 237.3l-58.5-58.5c-12-12-28.3-18.7-45.3-18.7H480V64c0-17.7-14.3-32-32-32H32C14.3 32 0 46.3 0 64v336c0 44.2 35.8 80 80 80 26.3 0 49.4-12.9 64-32.4 14.6 19.6 37.7 32.4 64 32.4 44.2 0 80-35.8 80-80 0-5.5-.6-10.8-1.6-16h163.2c-1.1 5.2-1.6 10.5-1.6 16 0 44.2 35.8 80 80 80s80-35.8 80-80c0-5.5-.6-10.8-1.6-16H624c8.8 0 16-7.2 16-16v-85.5c0-17-6.7-33.2-18.7-45.2zM80 432c-17.6 0-32-14.4-32-32s14.4-32 32-32 32 14.4 32 32-14.4 32-32 32zm128 0c-17.6 0-32-14.4-32-32s14.4-32 32-32 32 14.4 32 32-14.4 32-32 32zm272-224h37.5c4.3 0 8.3 1.7 11.3 4.7l43.3 43.3H480v-48zm48 224c-17.6 0-32-14.4-32-32s14.4-32 32-32 32 14.4 32 32-14.4 32-32 32z\"><\/path><\/svg><\/div>\n\t\t\t\t\t\t<\/span>\n\t\t<\/div>\n\t\t\t\t\t\t<\/div>\n\t\t\t\t<\/div>\n\t\t\t\t<div class=\"elementor-element elementor-element-14ea775 elementor-widget elementor-widget-text-editor\" data-id=\"14ea775\" data-element_type=\"widget\" data-widget_type=\"text-editor.default\">\n\t\t\t\t<div class=\"elementor-widget-container\">\n\t\t\t\t\t\t\t\t\t<p>-Kompleksowe Us\u0142ugi Logistyczne: Oferujemy szeroki zakres us\u0142ug transportowych, \u0142adunki drobnicowe i ca\u0142opojazdowe, w tym transport kombinowany.<\/p><p>-Nowoczesny Transport Towar\u00f3w: Dobieramy najlepsze \u015brodki transportu, aby przesy\u0142ka by\u0142a szybka, ekonomiczna i ekologiczna, zgodnie z mi\u0119dzynarodowymi standardami.<\/p><p>-Pe\u0142na Kontrola nad Przesy\u0142kami: Nasz system zarz\u0105dzania transportem umo\u017cliwia ci\u0105g\u0142e \u015bledzenie przesy\u0142ki i dost\u0119p do szczeg\u00f3\u0142owych informacji.<\/p><p>-Obs\u0142uga Celna i Zgodno\u015b\u0107 z Prawem: Nasz zesp\u00f3\u0142 zapewnia zgodno\u015b\u0107 z mi\u0119dzynarodowymi przepisami handlowymi i u\u0142atwia sprawne dzia\u0142ania brokerskie, zmniejszaj\u0105c ryzyko op\u00f3\u017anie\u0144 i koszt\u00f3w demurrage.<\/p>\t\t\t\t\t\t\t\t<\/div>\n\t\t\t\t<\/div>\n\t\t\t\t<\/div>\n\t\t<div class=\"elementor-element elementor-element-106ad31 e-con-full e-flex e-con e-child\" data-id=\"106ad31\" data-element_type=\"container\">\n\t\t\t\t<div class=\"elementor-element elementor-element-d1be1ba elementor-widget elementor-widget-heading\" data-id=\"d1be1ba\" data-element_type=\"widget\" data-widget_type=\"heading.default\">\n\t\t\t\t<div class=\"elementor-widget-container\">\n\t\t\t\t\t<h3 class=\"elementor-heading-title elementor-size-default\">Nasze kluczowe us\u0142ugi\n<\/h3>\t\t\t\t<\/div>\n\t\t\t\t<\/div>\n\t\t\t\t<div class=\"elementor-element elementor-element-63fc0f4 elementor-widget-divider--view-line_icon elementor-view-default elementor-widget-divider--element-align-center elementor-widget elementor-widget-divider\" data-id=\"63fc0f4\" data-element_type=\"widget\" data-widget_type=\"divider.default\">\n\t\t\t\t<div class=\"elementor-widget-container\">\n\t\t\t\t\t\t\t<div class=\"elementor-divider\">\n\t\t\t<span class=\"elementor-divider-separator\">\n\t\t\t\t\t\t\t<div class=\"elementor-icon elementor-divider__element\">\n\t\t\t\t\t<svg aria-hidden=\"true\" class=\"e-font-icon-svg e-fas-truck-moving\" viewBox=\"0 0 640 512\" xmlns=\"http:\/\/www.w3.org\/2000\/svg\"><path d=\"M621.3 237.3l-58.5-58.5c-12-12-28.3-18.7-45.3-18.7H480V64c0-17.7-14.3-32-32-32H32C14.3 32 0 46.3 0 64v336c0 44.2 35.8 80 80 80 26.3 0 49.4-12.9 64-32.4 14.6 19.6 37.7 32.4 64 32.4 44.2 0 80-35.8 80-80 0-5.5-.6-10.8-1.6-16h163.2c-1.1 5.2-1.6 10.5-1.6 16 0 44.2 35.8 80 80 80s80-35.8 80-80c0-5.5-.6-10.8-1.6-16H624c8.8 0 16-7.2 16-16v-85.5c0-17-6.7-33.2-18.7-45.2zM80 432c-17.6 0-32-14.4-32-32s14.4-32 32-32 32 14.4 32 32-14.4 32-32 32zm128 0c-17.6 0-32-14.4-32-32s14.4-32 32-32 32 14.4 32 32-14.4 32-32 32zm272-224h37.5c4.3 0 8.3 1.7 11.3 4.7l43.3 43.3H480v-48zm48 224c-17.6 0-32-14.4-32-32s14.4-32 32-32 32 14.4 32 32-14.4 32-32 32z\"><\/path><\/svg><\/div>\n\t\t\t\t\t\t<\/span>\n\t\t<\/div>\n\t\t\t\t\t\t<\/div>\n\t\t\t\t<\/div>\n\t\t\t\t<div class=\"elementor-element elementor-element-143ae34 elementor-widget elementor-widget-text-editor\" data-id=\"143ae34\" data-element_type=\"widget\" data-widget_type=\"text-editor.default\">\n\t\t\t\t<div class=\"elementor-widget-container\">\n\t\t\t\t\t\t\t\t\t<p>-Us\u0142ugi 3PL i 4PL: Oferujemy elastyczne rozwi\u0105zania od magazynowania i dystrybucji po kompleksowe zarz\u0105dzanie logistyk\u0105 dostosowan\u0105 do Twoich potrzeb.<\/p><p>-Cross-Docking i Transloading: Popraw efektywno\u015b\u0107 swojego \u0142a\u0144cucha dostaw dzi\u0119ki naszym strategicznym us\u0142ugom prze\u0142adunku, zmniejszaj\u0105c koszty magazynowania i czas tranzytu.<\/p><p>-Zarz\u0105dzanie Zapasami: Stosujemy metody, kt\u00f3re pozwalaj\u0105 dostarcza\u0107 towar dok\u0142adnie wtedy, gdy jest potrzebny oraz zarz\u0105dza\u0107 zapasami w taki spos\u00f3b, aby zmniejszy\u0107 koszty ich przechowywania.<\/p><p>-Logistyka Zwrotna: Usprawnij proces zwrot\u00f3w dzi\u0119ki naszym skutecznym rozwi\u0105zaniom logistyki zwrotnej, zapewniaj\u0105c satysfakcj\u0119 klient\u00f3w i praktyki zr\u00f3wnowa\u017cone.<\/p>\t\t\t\t\t\t\t\t<\/div>\n\t\t\t\t<\/div>\n\t\t\t\t<\/div>\n\t\t\t\t<\/div>\n\t\t\t\t\t<\/div>\n\t\t\t\t<\/div>\n\t\t\t\t<\/div>\n\t\t","protected":false},"excerpt":{"rendered":"<p>&nbsp; SZOFER CARGO EUROPE Kompleksowe rozwi\u0105zanie logistyczne W SZOFER CARGO EUROPE nie jeste\u015bmy tylko dostawc\u0105 logistycznym; jeste\u015bmy Twoim strategicznym partnerem w zarz\u0105dzaniu ca\u0142ym \u0142a\u0144cuchem dostaw. Dbamy o to, aby ka\u017cdy \u0142adunek by\u0142 obs\u0142ugiwany efektywnie i profesjonalnie, od momentu odbioru do miejsca dostawy. Wznosimy Twoj\u0105 Logistyk\u0119 na Wy\u017cszy Poziom &nbsp; Skontaktuj si\u0119 z naszymi ekspertami ju\u017c [&hellip;]<\/p>\n","protected":false},"author":1,"featured_media":0,"parent":0,"menu_order":0,"comment_status":"closed","ping_status":"closed","template":"","meta":{"footnotes":""},"class_list":["post-139","page","type-page","status-publish","hentry"],"yoast_head":"<!-- This site is optimized with the Yoast SEO Premium plugin v25.6 (Yoast SEO v25.6) - https:\/\/yoast.com\/wordpress\/plugins\/seo\/ -->\n<title>Cargo rozwi\u0105zania dla klient\u00f3w | Logistyka i transport EU<\/title>\n<meta name=\"description\" content=\"Kompleksowe cargo us\u0142ugi logistyczne dla klient\u00f3w: transport mi\u0119dzynarodowy, zarz\u0105dzanie \u0142a\u0144cuchem dostaw, monitoring przesy\u0142ek, odprawa celna i profesjonalne wsparcie.\" \/>\n<meta name=\"robots\" content=\"index, follow, max-snippet:-1, max-image-preview:large, max-video-preview:-1\" \/>\n<link rel=\"canonical\" href=\"https:\/\/cargoeu.com\/pl\/for-clients\/\" \/>\n<meta property=\"og:locale\" content=\"pl_PL\" \/>\n<meta property=\"og:type\" content=\"article\" \/>\n<meta property=\"og:title\" content=\"Dla klienta\" \/>\n<meta property=\"og:description\" content=\"Kompleksowe cargo us\u0142ugi logistyczne dla klient\u00f3w: transport mi\u0119dzynarodowy, zarz\u0105dzanie \u0142a\u0144cuchem dostaw, monitoring przesy\u0142ek, odprawa celna i profesjonalne wsparcie.\" \/>\n<meta property=\"og:url\" content=\"https:\/\/cargoeu.com\/pl\/for-clients\/\" \/>\n<meta property=\"og:site_name\" content=\"PL Szofer Cargo EU\" \/>\n<meta property=\"article:modified_time\" content=\"2026-02-05T11:13:18+00:00\" \/>\n<meta name=\"twitter:card\" content=\"summary_large_image\" \/>\n<meta name=\"twitter:label1\" content=\"Szacowany czas czytania\" \/>\n\t<meta name=\"twitter:data1\" content=\"2 minuty\" \/>\n<script type=\"application\/ld+json\" class=\"yoast-schema-graph\">{\"@context\":\"https:\/\/schema.org\",\"@graph\":[{\"@type\":\"WebPage\",\"@id\":\"https:\/\/cargoeu.com\/pl\/for-clients\/\",\"url\":\"https:\/\/cargoeu.com\/pl\/for-clients\/\",\"name\":\"Cargo rozwi\u0105zania dla klient\u00f3w | Logistyka i transport EU\",\"isPartOf\":{\"@id\":\"https:\/\/cargoeu.com\/pl\/#website\"},\"datePublished\":\"2024-01-15T11:26:19+00:00\",\"dateModified\":\"2026-02-05T11:13:18+00:00\",\"description\":\"Kompleksowe cargo us\u0142ugi logistyczne dla klient\u00f3w: transport mi\u0119dzynarodowy, zarz\u0105dzanie \u0142a\u0144cuchem dostaw, monitoring przesy\u0142ek, odprawa celna i profesjonalne wsparcie.\",\"breadcrumb\":{\"@id\":\"https:\/\/cargoeu.com\/pl\/for-clients\/#breadcrumb\"},\"inLanguage\":\"pl-PL\",\"potentialAction\":[{\"@type\":\"ReadAction\",\"target\":[\"https:\/\/cargoeu.com\/pl\/for-clients\/\"]}]},{\"@type\":\"BreadcrumbList\",\"@id\":\"https:\/\/cargoeu.com\/pl\/for-clients\/#breadcrumb\",\"itemListElement\":[{\"@type\":\"ListItem\",\"position\":1,\"name\":\"Home\",\"item\":\"https:\/\/cargoeu.com\/pl\/\"},{\"@type\":\"ListItem\",\"position\":2,\"name\":\"Dla klienta\"}]},{\"@type\":\"WebSite\",\"@id\":\"https:\/\/cargoeu.com\/pl\/#website\",\"url\":\"https:\/\/cargoeu.com\/pl\/\",\"name\":\"PL Szofer Cargo EU\",\"description\":\"\",\"potentialAction\":[{\"@type\":\"SearchAction\",\"target\":{\"@type\":\"EntryPoint\",\"urlTemplate\":\"https:\/\/cargoeu.com\/pl\/?s={search_term_string}\"},\"query-input\":{\"@type\":\"PropertyValueSpecification\",\"valueRequired\":true,\"valueName\":\"search_term_string\"}}],\"inLanguage\":\"pl-PL\"}]}<\/script>\n<!-- \/ Yoast SEO Premium plugin. -->","yoast_head_json":{"title":"Cargo rozwi\u0105zania dla klient\u00f3w | Logistyka i transport EU","description":"Kompleksowe cargo us\u0142ugi logistyczne dla klient\u00f3w: transport mi\u0119dzynarodowy, zarz\u0105dzanie \u0142a\u0144cuchem dostaw, monitoring przesy\u0142ek, odprawa celna i profesjonalne wsparcie.","robots":{"index":"index","follow":"follow","max-snippet":"max-snippet:-1","max-image-preview":"max-image-preview:large","max-video-preview":"max-video-preview:-1"},"canonical":"https:\/\/cargoeu.com\/pl\/for-clients\/","og_locale":"pl_PL","og_type":"article","og_title":"Dla klienta","og_description":"Kompleksowe cargo us\u0142ugi logistyczne dla klient\u00f3w: transport mi\u0119dzynarodowy, zarz\u0105dzanie \u0142a\u0144cuchem dostaw, monitoring przesy\u0142ek, odprawa celna i profesjonalne wsparcie.","og_url":"https:\/\/cargoeu.com\/pl\/for-clients\/","og_site_name":"PL Szofer Cargo EU","article_modified_time":"2026-02-05T11:13:18+00:00","twitter_card":"summary_large_image","twitter_misc":{"Szacowany czas czytania":"2 minuty"},"schema":{"@context":"https:\/\/schema.org","@graph":[{"@type":"WebPage","@id":"https:\/\/cargoeu.com\/pl\/for-clients\/","url":"https:\/\/cargoeu.com\/pl\/for-clients\/","name":"Cargo rozwi\u0105zania dla klient\u00f3w | Logistyka i transport EU","isPartOf":{"@id":"https:\/\/cargoeu.com\/pl\/#website"},"datePublished":"2024-01-15T11:26:19+00:00","dateModified":"2026-02-05T11:13:18+00:00","description":"Kompleksowe cargo us\u0142ugi logistyczne dla klient\u00f3w: transport mi\u0119dzynarodowy, zarz\u0105dzanie \u0142a\u0144cuchem dostaw, monitoring przesy\u0142ek, odprawa celna i profesjonalne wsparcie.","breadcrumb":{"@id":"https:\/\/cargoeu.com\/pl\/for-clients\/#breadcrumb"},"inLanguage":"pl-PL","potentialAction":[{"@type":"ReadAction","target":["https:\/\/cargoeu.com\/pl\/for-clients\/"]}]},{"@type":"BreadcrumbList","@id":"https:\/\/cargoeu.com\/pl\/for-clients\/#breadcrumb","itemListElement":[{"@type":"ListItem","position":1,"name":"Home","item":"https:\/\/cargoeu.com\/pl\/"},{"@type":"ListItem","position":2,"name":"Dla klienta"}]},{"@type":"WebSite","@id":"https:\/\/cargoeu.com\/pl\/#website","url":"https:\/\/cargoeu.com\/pl\/","name":"PL Szofer Cargo EU","description":"","potentialAction":[{"@type":"SearchAction","target":{"@type":"EntryPoint","urlTemplate":"https:\/\/cargoeu.com\/pl\/?s={search_term_string}"},"query-input":{"@type":"PropertyValueSpecification","valueRequired":true,"valueName":"search_term_string"}}],"inLanguage":"pl-PL"}]}},"_links":{"self":[{"href":"https:\/\/cargoeu.com\/pl\/wp-json\/wp\/v2\/pages\/139","targetHints":{"allow":["GET"]}}],"collection":[{"href":"https:\/\/cargoeu.com\/pl\/wp-json\/wp\/v2\/pages"}],"about":[{"href":"https:\/\/cargoeu.com\/pl\/wp-json\/wp\/v2\/types\/page"}],"author":[{"embeddable":true,"href":"https:\/\/cargoeu.com\/pl\/wp-json\/wp\/v2\/users\/1"}],"replies":[{"embeddable":true,"href":"https:\/\/cargoeu.com\/pl\/wp-json\/wp\/v2\/comments?post=139"}],"version-history":[{"count":27,"href":"https:\/\/cargoeu.com\/pl\/wp-json\/wp\/v2\/pages\/139\/revisions"}],"predecessor-version":[{"id":509,"href":"https:\/\/cargoeu.com\/pl\/wp-json\/wp\/v2\/pages\/139\/revisions\/509"}],"wp:attachment":[{"href":"https:\/\/cargoeu.com\/pl\/wp-json\/wp\/v2\/media?parent=139"}],"curies":[{"name":"wp","href":"https:\/\/api.w.org\/{rel}","templated":true}]}}