{"id":38,"date":"2024-01-15T14:27:50","date_gmt":"2024-01-15T11:27:50","guid":{"rendered":"https:\/\/cargoeu.com\/fr\/contacts\/"},"modified":"2026-02-05T14:26:08","modified_gmt":"2026-02-05T11:26:08","slug":"contacts","status":"publish","type":"page","link":"https:\/\/cargoeu.com\/fr\/contacts\/","title":{"rendered":"Contacts"},"content":{"rendered":"\t\t<div data-elementor-type=\"wp-page\" data-elementor-id=\"38\" class=\"elementor elementor-38\" data-elementor-post-type=\"page\">\n\t\t\t\t<div class=\"elementor-element elementor-element-342c610 e-flex e-con-boxed e-con e-parent\" data-id=\"342c610\" data-element_type=\"container\" data-settings=\"{&quot;background_background&quot;:&quot;classic&quot;}\">\n\t\t\t\t\t<div class=\"e-con-inner\">\n\t\t<div class=\"elementor-element elementor-element-cec08c1 e-con-full blur2 e-flex e-con e-child\" data-id=\"cec08c1\" data-element_type=\"container\">\n\t\t<div class=\"elementor-element elementor-element-990aecc e-con-full e-flex e-con e-child\" data-id=\"990aecc\" data-element_type=\"container\">\n\t\t\t\t<div class=\"elementor-element elementor-element-930b3f8 elementor-widget elementor-widget-heading\" data-id=\"930b3f8\" data-element_type=\"widget\" data-widget_type=\"heading.default\">\n\t\t\t\t<div class=\"elementor-widget-container\">\n\t\t\t\t\t<h1 class=\"elementor-heading-title elementor-size-default\">Contacts<\/h1>\t\t\t\t<\/div>\n\t\t\t\t<\/div>\n\t\t\t\t<div class=\"elementor-element elementor-element-8cd7230 elementor-position-left elementor-mobile-position-left elementor-view-default elementor-widget elementor-widget-icon-box\" data-id=\"8cd7230\" data-element_type=\"widget\" data-widget_type=\"icon-box.default\">\n\t\t\t\t<div class=\"elementor-widget-container\">\n\t\t\t\t\t\t\t<div class=\"elementor-icon-box-wrapper\">\n\n\t\t\t\t\t\t<div class=\"elementor-icon-box-icon\">\n\t\t\t\t<span  class=\"elementor-icon\">\n\t\t\t\t<svg aria-hidden=\"true\" class=\"e-font-icon-svg e-fas-phone-alt\" viewBox=\"0 0 512 512\" xmlns=\"http:\/\/www.w3.org\/2000\/svg\"><path d=\"M497.39 361.8l-112-48a24 24 0 0 0-28 6.9l-49.6 60.6A370.66 370.66 0 0 1 130.6 204.11l60.6-49.6a23.94 23.94 0 0 0 6.9-28l-48-112A24.16 24.16 0 0 0 122.6.61l-104 24A24 24 0 0 0 0 48c0 256.5 207.9 464 464 464a24 24 0 0 0 23.4-18.6l24-104a24.29 24.29 0 0 0-14.01-27.6z\"><\/path><\/svg>\t\t\t\t<\/span>\n\t\t\t<\/div>\n\t\t\t\n\t\t\t\t\t\t<div class=\"elementor-icon-box-content\">\n\n\t\t\t\t\t\t\t\t\t<span class=\"elementor-icon-box-title\">\n\t\t\t\t\t\t<span  >\n\t\t\t\t\t\t\tt\u00e9l\u00e9phone\t\t\t\t\t\t<\/span>\n\t\t\t\t\t<\/span>\n\t\t\t\t\n\t\t\t\t\t\t\t\t\t<p class=\"elementor-icon-box-description\">\n\t\t\t\t\t\t<b>+48 796 218 981<\/b>\t\t\t\t\t<\/p>\n\t\t\t\t\n\t\t\t<\/div>\n\t\t\t\n\t\t<\/div>\n\t\t\t\t\t\t<\/div>\n\t\t\t\t<\/div>\n\t\t\t\t<div class=\"elementor-element elementor-element-5577e49 elementor-position-left elementor-mobile-position-left elementor-view-default elementor-widget elementor-widget-icon-box\" data-id=\"5577e49\" data-element_type=\"widget\" data-widget_type=\"icon-box.default\">\n\t\t\t\t<div class=\"elementor-widget-container\">\n\t\t\t\t\t\t\t<div class=\"elementor-icon-box-wrapper\">\n\n\t\t\t\t\t\t<div class=\"elementor-icon-box-icon\">\n\t\t\t\t<span  class=\"elementor-icon\">\n\t\t\t\t<svg aria-hidden=\"true\" class=\"e-font-icon-svg e-far-envelope\" viewBox=\"0 0 512 512\" xmlns=\"http:\/\/www.w3.org\/2000\/svg\"><path d=\"M464 64H48C21.49 64 0 85.49 0 112v288c0 26.51 21.49 48 48 48h416c26.51 0 48-21.49 48-48V112c0-26.51-21.49-48-48-48zm0 48v40.805c-22.422 18.259-58.168 46.651-134.587 106.49-16.841 13.247-50.201 45.072-73.413 44.701-23.208.375-56.579-31.459-73.413-44.701C106.18 199.465 70.425 171.067 48 152.805V112h416zM48 400V214.398c22.914 18.251 55.409 43.862 104.938 82.646 21.857 17.205 60.134 55.186 103.062 54.955 42.717.231 80.509-37.199 103.053-54.947 49.528-38.783 82.032-64.401 104.947-82.653V400H48z\"><\/path><\/svg>\t\t\t\t<\/span>\n\t\t\t<\/div>\n\t\t\t\n\t\t\t\t\t\t<div class=\"elementor-icon-box-content\">\n\n\t\t\t\t\t\t\t\t\t<span class=\"elementor-icon-box-title\">\n\t\t\t\t\t\t<span  >\n\t\t\t\t\t\t\tEmail \t\t\t\t\t\t<\/span>\n\t\t\t\t\t<\/span>\n\t\t\t\t\n\t\t\t\t\t\t\t\t\t<p class=\"elementor-icon-box-description\">\n\t\t\t\t\t\toffice.szofer@cargoeu.com\t\t\t\t\t<\/p>\n\t\t\t\t\n\t\t\t<\/div>\n\t\t\t\n\t\t<\/div>\n\t\t\t\t\t\t<\/div>\n\t\t\t\t<\/div>\n\t\t\t\t<div class=\"elementor-element elementor-element-dd81c20 elementor-position-left elementor-mobile-position-left elementor-view-default elementor-widget elementor-widget-icon-box\" data-id=\"dd81c20\" data-element_type=\"widget\" data-widget_type=\"icon-box.default\">\n\t\t\t\t<div class=\"elementor-widget-container\">\n\t\t\t\t\t\t\t<div class=\"elementor-icon-box-wrapper\">\n\n\t\t\t\t\t\t<div class=\"elementor-icon-box-icon\">\n\t\t\t\t<span  class=\"elementor-icon\">\n\t\t\t\t<svg aria-hidden=\"true\" class=\"e-font-icon-svg e-fas-map-marker-alt\" viewBox=\"0 0 384 512\" xmlns=\"http:\/\/www.w3.org\/2000\/svg\"><path d=\"M172.268 501.67C26.97 291.031 0 269.413 0 192 0 85.961 85.961 0 192 0s192 85.961 192 192c0 77.413-26.97 99.031-172.268 309.67-9.535 13.774-29.93 13.773-39.464 0zM192 272c44.183 0 80-35.817 80-80s-35.817-80-80-80-80 35.817-80 80 35.817 80 80 80z\"><\/path><\/svg>\t\t\t\t<\/span>\n\t\t\t<\/div>\n\t\t\t\n\t\t\t\t\t\t<div class=\"elementor-icon-box-content\">\n\n\t\t\t\t\t\t\t\t\t<span class=\"elementor-icon-box-title\">\n\t\t\t\t\t\t<span  >\n\t\t\t\t\t\t\tAdresses\t\t\t\t\t\t<\/span>\n\t\t\t\t\t<\/span>\n\t\t\t\t\n\t\t\t\t\t\t\t\t\t<p class=\"elementor-icon-box-description\">\n\t\t\t\t\t\tSzofer Sp. Z o.o., Warszawa 02-013\nLindleya 16\t\t\t\t\t<\/p>\n\t\t\t\t\n\t\t\t<\/div>\n\t\t\t\n\t\t<\/div>\n\t\t\t\t\t\t<\/div>\n\t\t\t\t<\/div>\n\t\t\t\t<div class=\"elementor-element elementor-element-acaef04 elementor-hidden-mobile elementor-shape-rounded elementor-grid-0 e-grid-align-center elementor-widget elementor-widget-social-icons\" data-id=\"acaef04\" data-element_type=\"widget\" data-widget_type=\"social-icons.default\">\n\t\t\t\t<div class=\"elementor-widget-container\">\n\t\t\t\t\t\t\t<div class=\"elementor-social-icons-wrapper elementor-grid\" role=\"list\">\n\t\t\t\t\t\t\t<span class=\"elementor-grid-item\" role=\"listitem\">\n\t\t\t\t\t<a class=\"elementor-icon elementor-social-icon elementor-social-icon-viber elementor-animation-grow elementor-repeater-item-2253c97\" href=\"viber:\/\/chat?number=%2B48796218981\" target=\"_blank\">\n\t\t\t\t\t\t<span class=\"elementor-screen-only\">Viber<\/span>\n\t\t\t\t\t\t<svg aria-hidden=\"true\" class=\"e-font-icon-svg e-fab-viber\" viewBox=\"0 0 512 512\" xmlns=\"http:\/\/www.w3.org\/2000\/svg\"><path d=\"M444 49.9C431.3 38.2 379.9.9 265.3.4c0 0-135.1-8.1-200.9 52.3C27.8 89.3 14.9 143 13.5 209.5c-1.4 66.5-3.1 191.1 117 224.9h.1l-.1 51.6s-.8 20.9 13 25.1c16.6 5.2 26.4-10.7 42.3-27.8 8.7-9.4 20.7-23.2 29.8-33.7 82.2 6.9 145.3-8.9 152.5-11.2 16.6-5.4 110.5-17.4 125.7-142 15.8-128.6-7.6-209.8-49.8-246.5zM457.9 287c-12.9 104-89 110.6-103 115.1-6 1.9-61.5 15.7-131.2 11.2 0 0-52 62.7-68.2 79-5.3 5.3-11.1 4.8-11-5.7 0-6.9.4-85.7.4-85.7-.1 0-.1 0 0 0-101.8-28.2-95.8-134.3-94.7-189.8 1.1-55.5 11.6-101 42.6-131.6 55.7-50.5 170.4-43 170.4-43 96.9.4 143.3 29.6 154.1 39.4 35.7 30.6 53.9 103.8 40.6 211.1zm-139-80.8c.4 8.6-12.5 9.2-12.9.6-1.1-22-11.4-32.7-32.6-33.9-8.6-.5-7.8-13.4.7-12.9 27.9 1.5 43.4 17.5 44.8 46.2zm20.3 11.3c1-42.4-25.5-75.6-75.8-79.3-8.5-.6-7.6-13.5.9-12.9 58 4.2 88.9 44.1 87.8 92.5-.1 8.6-13.1 8.2-12.9-.3zm47 13.4c.1 8.6-12.9 8.7-12.9.1-.6-81.5-54.9-125.9-120.8-126.4-8.5-.1-8.5-12.9 0-12.9 73.7.5 133 51.4 133.7 139.2zM374.9 329v.2c-10.8 19-31 40-51.8 33.3l-.2-.3c-21.1-5.9-70.8-31.5-102.2-56.5-16.2-12.8-31-27.9-42.4-42.4-10.3-12.9-20.7-28.2-30.8-46.6-21.3-38.5-26-55.7-26-55.7-6.7-20.8 14.2-41 33.3-51.8h.2c9.2-4.8 18-3.2 23.9 3.9 0 0 12.4 14.8 17.7 22.1 5 6.8 11.7 17.7 15.2 23.8 6.1 10.9 2.3 22-3.7 26.6l-12 9.6c-6.1 4.9-5.3 14-5.3 14s17.8 67.3 84.3 84.3c0 0 9.1.8 14-5.3l9.6-12c4.6-6 15.7-9.8 26.6-3.7 14.7 8.3 33.4 21.2 45.8 32.9 7 5.7 8.6 14.4 3.8 23.6z\"><\/path><\/svg>\t\t\t\t\t<\/a>\n\t\t\t\t<\/span>\n\t\t\t\t\t\t\t<span class=\"elementor-grid-item\" role=\"listitem\">\n\t\t\t\t\t<a class=\"elementor-icon elementor-social-icon elementor-social-icon-whatsapp elementor-animation-grow elementor-repeater-item-9ede870\" href=\"https:\/\/wa.me\/+48796218981\" target=\"_blank\">\n\t\t\t\t\t\t<span class=\"elementor-screen-only\">Whatsapp<\/span>\n\t\t\t\t\t\t<svg aria-hidden=\"true\" class=\"e-font-icon-svg e-fab-whatsapp\" viewBox=\"0 0 448 512\" xmlns=\"http:\/\/www.w3.org\/2000\/svg\"><path d=\"M380.9 97.1C339 55.1 283.2 32 223.9 32c-122.4 0-222 99.6-222 222 0 39.1 10.2 77.3 29.6 111L0 480l117.7-30.9c32.4 17.7 68.9 27 106.1 27h.1c122.3 0 224.1-99.6 224.1-222 0-59.3-25.2-115-67.1-157zm-157 341.6c-33.2 0-65.7-8.9-94-25.7l-6.7-4-69.8 18.3L72 359.2l-4.4-7c-18.5-29.4-28.2-63.3-28.2-98.2 0-101.7 82.8-184.5 184.6-184.5 49.3 0 95.6 19.2 130.4 54.1 34.8 34.9 56.2 81.2 56.1 130.5 0 101.8-84.9 184.6-186.6 184.6zm101.2-138.2c-5.5-2.8-32.8-16.2-37.9-18-5.1-1.9-8.8-2.8-12.5 2.8-3.7 5.6-14.3 18-17.6 21.8-3.2 3.7-6.5 4.2-12 1.4-32.6-16.3-54-29.1-75.5-66-5.7-9.8 5.7-9.1 16.3-30.3 1.8-3.7.9-6.9-.5-9.7-1.4-2.8-12.5-30.1-17.1-41.2-4.5-10.8-9.1-9.3-12.5-9.5-3.2-.2-6.9-.2-10.6-.2-3.7 0-9.7 1.4-14.8 6.9-5.1 5.6-19.4 19-19.4 46.3 0 27.3 19.9 53.7 22.6 57.4 2.8 3.7 39.1 59.7 94.8 83.8 35.2 15.2 49 16.5 66.6 13.9 10.7-1.6 32.8-13.4 37.4-26.4 4.6-13 4.6-24.1 3.2-26.4-1.3-2.5-5-3.9-10.5-6.6z\"><\/path><\/svg>\t\t\t\t\t<\/a>\n\t\t\t\t<\/span>\n\t\t\t\t\t\t\t<span class=\"elementor-grid-item\" role=\"listitem\">\n\t\t\t\t\t<a class=\"elementor-icon elementor-social-icon elementor-social-icon-telegram elementor-animation-grow elementor-repeater-item-50e1242\" href=\"https:\/\/t.me\/+48796218981\" target=\"_blank\">\n\t\t\t\t\t\t<span class=\"elementor-screen-only\">Telegram<\/span>\n\t\t\t\t\t\t<svg aria-hidden=\"true\" class=\"e-font-icon-svg e-fab-telegram\" viewBox=\"0 0 496 512\" xmlns=\"http:\/\/www.w3.org\/2000\/svg\"><path d=\"M248 8C111 8 0 119 0 256s111 248 248 248 248-111 248-248S385 8 248 8zm121.8 169.9l-40.7 191.8c-3 13.6-11.1 16.9-22.4 10.5l-62-45.7-29.9 28.8c-3.3 3.3-6.1 6.1-12.5 6.1l4.4-63.1 114.9-103.8c5-4.4-1.1-6.9-7.7-2.5l-142 89.4-61.2-19.1c-13.3-4.2-13.6-13.3 2.8-19.7l239.1-92.2c11.1-4 20.8 2.7 17.2 19.5z\"><\/path><\/svg>\t\t\t\t\t<\/a>\n\t\t\t\t<\/span>\n\t\t\t\t\t\t\t<span class=\"elementor-grid-item\" role=\"listitem\">\n\t\t\t\t\t<a class=\"elementor-icon elementor-social-icon elementor-social-icon-envelope elementor-animation-grow elementor-repeater-item-11cfed9\" href=\"mailto:info@cargoeu.com\" target=\"_blank\">\n\t\t\t\t\t\t<span class=\"elementor-screen-only\">Envelope<\/span>\n\t\t\t\t\t\t<svg aria-hidden=\"true\" class=\"e-font-icon-svg e-fas-envelope\" viewBox=\"0 0 512 512\" xmlns=\"http:\/\/www.w3.org\/2000\/svg\"><path d=\"M502.3 190.8c3.9-3.1 9.7-.2 9.7 4.7V400c0 26.5-21.5 48-48 48H48c-26.5 0-48-21.5-48-48V195.6c0-5 5.7-7.8 9.7-4.7 22.4 17.4 52.1 39.5 154.1 113.6 21.1 15.4 56.7 47.8 92.2 47.6 35.7.3 72-32.8 92.3-47.6 102-74.1 131.6-96.3 154-113.7zM256 320c23.2.4 56.6-29.2 73.4-41.4 132.7-96.3 142.8-104.7 173.4-128.7 5.8-4.5 9.2-11.5 9.2-18.9v-19c0-26.5-21.5-48-48-48H48C21.5 64 0 85.5 0 112v19c0 7.4 3.4 14.3 9.2 18.9 30.6 23.9 40.7 32.4 173.4 128.7 16.8 12.2 50.2 41.8 73.4 41.4z\"><\/path><\/svg>\t\t\t\t\t<\/a>\n\t\t\t\t<\/span>\n\t\t\t\t\t\t\t<span class=\"elementor-grid-item\" role=\"listitem\">\n\t\t\t\t\t<a class=\"elementor-icon elementor-social-icon elementor-social-icon-phone-square-alt elementor-animation-grow elementor-repeater-item-0d1d278\" href=\"tel:+48796218981\" target=\"_blank\">\n\t\t\t\t\t\t<span class=\"elementor-screen-only\">Phone-square-alt<\/span>\n\t\t\t\t\t\t<svg aria-hidden=\"true\" class=\"e-font-icon-svg e-fas-phone-square-alt\" viewBox=\"0 0 448 512\" xmlns=\"http:\/\/www.w3.org\/2000\/svg\"><path d=\"M400 32H48A48 48 0 0 0 0 80v352a48 48 0 0 0 48 48h352a48 48 0 0 0 48-48V80a48 48 0 0 0-48-48zm-16.39 307.37l-15 65A15 15 0 0 1 354 416C194 416 64 286.29 64 126a15.7 15.7 0 0 1 11.63-14.61l65-15A18.23 18.23 0 0 1 144 96a16.27 16.27 0 0 1 13.79 9.09l30 70A17.9 17.9 0 0 1 189 181a17 17 0 0 1-5.5 11.61l-37.89 31a231.91 231.91 0 0 0 110.78 110.78l31-37.89A17 17 0 0 1 299 291a17.85 17.85 0 0 1 5.91 1.21l70 30A16.25 16.25 0 0 1 384 336a17.41 17.41 0 0 1-.39 3.37z\"><\/path><\/svg>\t\t\t\t\t<\/a>\n\t\t\t\t<\/span>\n\t\t\t\t\t<\/div>\n\t\t\t\t\t\t<\/div>\n\t\t\t\t<\/div>\n\t\t\t\t<\/div>\n\t\t<div class=\"elementor-element elementor-element-660ed02 e-con-full e-flex e-con e-child\" data-id=\"660ed02\" data-element_type=\"container\">\n\t\t\t\t<div class=\"elementor-element elementor-element-906e1cb elementor-widget elementor-widget-google_maps\" data-id=\"906e1cb\" data-element_type=\"widget\" data-widget_type=\"google_maps.default\">\n\t\t\t\t<div class=\"elementor-widget-container\">\n\t\t\t\t\t\t\t<div class=\"elementor-custom-embed\">\n\t\t\t<iframe loading=\"lazy\"\n\t\t\t\t\tsrc=\"https:\/\/maps.google.com\/maps?q=Williama%20Heerleina%20Lindleya%2016&#038;t=m&#038;z=11&#038;output=embed&#038;iwloc=near\"\n\t\t\t\t\ttitle=\"Williama Heerleina Lindleya 16\"\n\t\t\t\t\taria-label=\"Williama Heerleina Lindleya 16\"\n\t\t\t><\/iframe>\n\t\t<\/div>\n\t\t\t\t\t\t<\/div>\n\t\t\t\t<\/div>\n\t\t\t\t<\/div>\n\t\t<div class=\"elementor-element elementor-element-ad76d4b e-con-full e-flex e-con e-child\" data-id=\"ad76d4b\" data-element_type=\"container\">\n\t\t\t\t<div class=\"elementor-element elementor-element-e5555fb elementor-widget elementor-widget-heading\" data-id=\"e5555fb\" data-element_type=\"widget\" data-widget_type=\"heading.default\">\n\t\t\t\t<div class=\"elementor-widget-container\">\n\t\t\t\t\t<h6 class=\"elementor-heading-title elementor-size-default\">Pour toute question ou opportunit\u00e9 de partenariat, n'h\u00e9sitez pas \u00e0 nous contacter.<\/h6>\t\t\t\t<\/div>\n\t\t\t\t<\/div>\n\t\t\t\t<div class=\"elementor-element elementor-element-f445257 elementor-widget elementor-widget-htwpform-addons\" data-id=\"f445257\" data-element_type=\"widget\" data-widget_type=\"htwpform-addons.default\">\n\t\t\t\t<div class=\"elementor-widget-container\">\n\t\t\t\t\t            <div class=\"htwpform_area\" >\n                <div class=\"wpforms-container wpforms-container-full wpforms-render-modern\" id=\"wpforms-75\"><form id=\"wpforms-form-75\" class=\"wpforms-validate wpforms-form wpforms-ajax-form\" data-formid=\"75\" method=\"post\" enctype=\"multipart\/form-data\" action=\"\/fr\/wp-json\/wp\/v2\/pages\/38\" data-token=\"96a04cce6b859e7bbec5e9c4fc55e5c5\" data-token-time=\"1777843635\"><noscript class=\"wpforms-error-noscript\">Veuillez activer JavaScript dans votre navigateur pour remplir ce formulaire.<\/noscript><div class=\"wpforms-hidden\" id=\"wpforms-error-noscript\">Veuillez activer JavaScript dans votre navigateur pour remplir ce formulaire.<\/div><div class=\"wpforms-field-container\"><div id=\"wpforms-75-field_2-container\" class=\"wpforms-field wpforms-field-text\" data-field-id=\"2\"><label class=\"wpforms-field-label wpforms-label-hide\" for=\"wpforms-75-field_2\" aria-hidden=\"false\">Name <span class=\"wpforms-required-label\" aria-hidden=\"true\">*<\/span><\/label><input type=\"text\" id=\"wpforms-75-field_2\" class=\"wpforms-field-large wpforms-field-required\" name=\"wpforms[fields][2]\" placeholder=\"Nom\" aria-errormessage=\"wpforms-75-field_2-error\" required><\/div><div id=\"wpforms-75-field_3-container\" class=\"wpforms-field wpforms-field-phone\" data-field-id=\"3\"><label class=\"wpforms-field-label wpforms-label-hide\" for=\"wpforms-75-field_3\" aria-hidden=\"false\">\u0422\u0435\u043b\u0435\u0444\u043e\u043d <span class=\"wpforms-required-label\" aria-hidden=\"true\">*<\/span><\/label><input type=\"tel\" id=\"wpforms-75-field_3\" class=\"wpforms-field-large wpforms-field-required wpforms-smart-phone-field\" data-rule-smart-phone-field=\"true\" name=\"wpforms[fields][3]\" placeholder=\"T\u00e9l\u00e9phone\" aria-label=\"\u0422\u0435\u043b\u0435\u0444\u043e\u043d\" aria-errormessage=\"wpforms-75-field_3-error\" required><\/div><div id=\"wpforms-75-field_4-container\" class=\"wpforms-field wpforms-field-email\" data-field-id=\"4\"><label class=\"wpforms-field-label wpforms-label-hide\" for=\"wpforms-75-field_4\" aria-hidden=\"false\">E-mail <span class=\"wpforms-required-label\" aria-hidden=\"true\">*<\/span><\/label><input type=\"email\" id=\"wpforms-75-field_4\" class=\"wpforms-field-large wpforms-field-required\" name=\"wpforms[fields][4]\" placeholder=\"E-mail\" spellcheck=\"false\" aria-errormessage=\"wpforms-75-field_4-error\" required><\/div><div id=\"wpforms-75-field_6-container\" class=\"wpforms-field wpforms-field-textarea\" data-field-id=\"6\"><label class=\"wpforms-field-label wpforms-label-hide\" for=\"wpforms-75-field_6\" aria-hidden=\"false\">\u0422\u0435\u043a\u0441\u0442<\/label><textarea id=\"wpforms-75-field_6\" class=\"wpforms-field-large\" name=\"wpforms[fields][6]\" placeholder=\"Coop\u00e9ration, demande de services douaniers, autres\" aria-errormessage=\"wpforms-75-field_6-error\" ><\/textarea><\/div><\/div><!-- .wpforms-field-container --><div class=\"wpforms-submit-container\" ><input type=\"hidden\" name=\"wpforms[id]\" value=\"75\"><input type=\"hidden\" name=\"page_title\" value=\"\"><input type=\"hidden\" name=\"page_url\" value=\"https:\/\/cargoeu.com\/fr\/wp-json\/wp\/v2\/pages\/38\"><button type=\"submit\" name=\"wpforms[submit]\" id=\"wpforms-submit-75\" class=\"wpforms-submit\" data-alt-text=\"Envoi en cours...\" data-submit-text=\"Rappelle-moi\" aria-live=\"assertive\" value=\"wpforms-submit\">Rappelle-moi<\/button><img decoding=\"async\" src=\"https:\/\/cargoeu.com\/fr\/wp-content\/plugins\/wpforms\/assets\/images\/submit-spin.svg\" class=\"wpforms-submit-spinner\" style=\"display: none;\" width=\"26\" height=\"26\" alt=\"Chargement en cours\"><\/div><\/form><\/div>  <!-- .wpforms-container -->            <\/div>\n\n        \t\t\t\t<\/div>\n\t\t\t\t<\/div>\n\t\t\t\t<\/div>\n\t\t\t\t<\/div>\n\t\t\t\t\t<\/div>\n\t\t\t\t<\/div>\n\t\t\t\t<\/div>\n\t\t","protected":false},"excerpt":{"rendered":"<p>t\u00e9l\u00e9phone +48 796 218 981 Email office.szofer@cargoeu.com Adresses Szofer Sp. Z o.o., Warszawa 02-013 Lindleya 16 Viber Whatsapp Telegram Envelope Phone-square-alt Pour toute question ou opportunit\u00e9 de partenariat, n&rsquo;h\u00e9sitez pas \u00e0 nous contacter. \u0414\u043b\u044f \u0437\u0430\u043f\u043e\u043b\u043d\u0435\u043d\u0438\u044f \u0434\u0430\u043d\u043d\u043e\u0439 \u0444\u043e\u0440\u043c\u044b \u0432\u043a\u043b\u044e\u0447\u0438\u0442\u0435 JavaScript \u0432 \u0431\u0440\u0430\u0443\u0437\u0435\u0440\u0435.\u0414\u043b\u044f \u0437\u0430\u043f\u043e\u043b\u043d\u0435\u043d\u0438\u044f \u0434\u0430\u043d\u043d\u043e\u0439 \u0444\u043e\u0440\u043c\u044b \u0432\u043a\u043b\u044e\u0447\u0438\u0442\u0435 JavaScript \u0432 \u0431\u0440\u0430\u0443\u0437\u0435\u0440\u0435.Name *\u0422\u0435\u043b\u0435\u0444\u043e\u043d *E-mail *\u0422\u0435\u043a\u0441\u0442 Rappelle-moi<\/p>\n","protected":false},"author":1,"featured_media":0,"parent":0,"menu_order":0,"comment_status":"closed","ping_status":"closed","template":"","meta":{"footnotes":""},"class_list":["post-38","page","type-page","status-publish","hentry"],"yoast_head":"<!-- This site is optimized with the Yoast SEO Premium plugin v25.6 (Yoast SEO v25.6) - https:\/\/yoast.com\/wordpress\/plugins\/seo\/ -->\n<title>Cargo \u2013 Contactez notre \u00e9quipe | Support &amp; Informations<\/title>\n<meta name=\"description\" content=\"Contactez les experts en cargo et logistique pour questions, devis ou assistance \u2014 assistance client, informations de contact et services de transport en Europe.\" \/>\n<meta name=\"robots\" content=\"index, follow, max-snippet:-1, max-image-preview:large, max-video-preview:-1\" \/>\n<link rel=\"canonical\" href=\"https:\/\/cargoeu.com\/fr\/contacts\/\" \/>\n<meta property=\"og:locale\" content=\"fr_FR\" \/>\n<meta property=\"og:type\" content=\"article\" \/>\n<meta property=\"og:title\" content=\"Contacts\" \/>\n<meta property=\"og:description\" content=\"Contactez les experts en cargo et logistique pour questions, devis ou assistance \u2014 assistance client, informations de contact et services de transport en Europe.\" \/>\n<meta property=\"og:url\" content=\"https:\/\/cargoeu.com\/fr\/contacts\/\" \/>\n<meta property=\"og:site_name\" content=\"FR Szofer Cargo EU\" \/>\n<meta property=\"article:modified_time\" content=\"2026-02-05T11:26:08+00:00\" \/>\n<meta property=\"og:image\" content=\"https:\/\/cargoeu.com\/fr\/wp-content\/plugins\/wpforms\/assets\/images\/submit-spin.svg\" \/>\n<meta name=\"twitter:card\" content=\"summary_large_image\" \/>\n<meta name=\"twitter:label1\" content=\"Dur\u00e9e de lecture estim\u00e9e\" \/>\n\t<meta name=\"twitter:data1\" content=\"1 minute\" \/>\n<script type=\"application\/ld+json\" class=\"yoast-schema-graph\">{\"@context\":\"https:\/\/schema.org\",\"@graph\":[{\"@type\":\"WebPage\",\"@id\":\"https:\/\/cargoeu.com\/fr\/contacts\/\",\"url\":\"https:\/\/cargoeu.com\/fr\/contacts\/\",\"name\":\"Cargo \u2013 Contactez notre \u00e9quipe | Support & Informations\",\"isPartOf\":{\"@id\":\"https:\/\/cargoeu.com\/fr\/#website\"},\"primaryImageOfPage\":{\"@id\":\"https:\/\/cargoeu.com\/fr\/contacts\/#primaryimage\"},\"image\":{\"@id\":\"https:\/\/cargoeu.com\/fr\/contacts\/#primaryimage\"},\"thumbnailUrl\":\"https:\/\/cargoeu.com\/fr\/wp-content\/plugins\/wpforms\/assets\/images\/submit-spin.svg\",\"datePublished\":\"2024-01-15T11:27:50+00:00\",\"dateModified\":\"2026-02-05T11:26:08+00:00\",\"description\":\"Contactez les experts en cargo et logistique pour questions, devis ou assistance \u2014 assistance client, informations de contact et services de transport en Europe.\",\"breadcrumb\":{\"@id\":\"https:\/\/cargoeu.com\/fr\/contacts\/#breadcrumb\"},\"inLanguage\":\"fr-FR\",\"potentialAction\":[{\"@type\":\"ReadAction\",\"target\":[\"https:\/\/cargoeu.com\/fr\/contacts\/\"]}]},{\"@type\":\"ImageObject\",\"inLanguage\":\"fr-FR\",\"@id\":\"https:\/\/cargoeu.com\/fr\/contacts\/#primaryimage\",\"url\":\"https:\/\/cargoeu.com\/fr\/wp-content\/plugins\/wpforms\/assets\/images\/submit-spin.svg\",\"contentUrl\":\"https:\/\/cargoeu.com\/fr\/wp-content\/plugins\/wpforms\/assets\/images\/submit-spin.svg\"},{\"@type\":\"BreadcrumbList\",\"@id\":\"https:\/\/cargoeu.com\/fr\/contacts\/#breadcrumb\",\"itemListElement\":[{\"@type\":\"ListItem\",\"position\":1,\"name\":\"Home\",\"item\":\"https:\/\/cargoeu.com\/fr\/\"},{\"@type\":\"ListItem\",\"position\":2,\"name\":\"Contacts\"}]},{\"@type\":\"WebSite\",\"@id\":\"https:\/\/cargoeu.com\/fr\/#website\",\"url\":\"https:\/\/cargoeu.com\/fr\/\",\"name\":\"FR Szofer Cargo EU\",\"description\":\"\",\"potentialAction\":[{\"@type\":\"SearchAction\",\"target\":{\"@type\":\"EntryPoint\",\"urlTemplate\":\"https:\/\/cargoeu.com\/fr\/?s={search_term_string}\"},\"query-input\":{\"@type\":\"PropertyValueSpecification\",\"valueRequired\":true,\"valueName\":\"search_term_string\"}}],\"inLanguage\":\"fr-FR\"}]}<\/script>\n<!-- \/ Yoast SEO Premium plugin. -->","yoast_head_json":{"title":"Cargo \u2013 Contactez notre \u00e9quipe | Support & Informations","description":"Contactez les experts en cargo et logistique pour questions, devis ou assistance \u2014 assistance client, informations de contact et services de transport en Europe.","robots":{"index":"index","follow":"follow","max-snippet":"max-snippet:-1","max-image-preview":"max-image-preview:large","max-video-preview":"max-video-preview:-1"},"canonical":"https:\/\/cargoeu.com\/fr\/contacts\/","og_locale":"fr_FR","og_type":"article","og_title":"Contacts","og_description":"Contactez les experts en cargo et logistique pour questions, devis ou assistance \u2014 assistance client, informations de contact et services de transport en Europe.","og_url":"https:\/\/cargoeu.com\/fr\/contacts\/","og_site_name":"FR Szofer Cargo EU","article_modified_time":"2026-02-05T11:26:08+00:00","og_image":[{"url":"https:\/\/cargoeu.com\/fr\/wp-content\/plugins\/wpforms\/assets\/images\/submit-spin.svg","type":"","width":"","height":""}],"twitter_card":"summary_large_image","twitter_misc":{"Dur\u00e9e de lecture estim\u00e9e":"1 minute"},"schema":{"@context":"https:\/\/schema.org","@graph":[{"@type":"WebPage","@id":"https:\/\/cargoeu.com\/fr\/contacts\/","url":"https:\/\/cargoeu.com\/fr\/contacts\/","name":"Cargo \u2013 Contactez notre \u00e9quipe | Support & Informations","isPartOf":{"@id":"https:\/\/cargoeu.com\/fr\/#website"},"primaryImageOfPage":{"@id":"https:\/\/cargoeu.com\/fr\/contacts\/#primaryimage"},"image":{"@id":"https:\/\/cargoeu.com\/fr\/contacts\/#primaryimage"},"thumbnailUrl":"https:\/\/cargoeu.com\/fr\/wp-content\/plugins\/wpforms\/assets\/images\/submit-spin.svg","datePublished":"2024-01-15T11:27:50+00:00","dateModified":"2026-02-05T11:26:08+00:00","description":"Contactez les experts en cargo et logistique pour questions, devis ou assistance \u2014 assistance client, informations de contact et services de transport en Europe.","breadcrumb":{"@id":"https:\/\/cargoeu.com\/fr\/contacts\/#breadcrumb"},"inLanguage":"fr-FR","potentialAction":[{"@type":"ReadAction","target":["https:\/\/cargoeu.com\/fr\/contacts\/"]}]},{"@type":"ImageObject","inLanguage":"fr-FR","@id":"https:\/\/cargoeu.com\/fr\/contacts\/#primaryimage","url":"https:\/\/cargoeu.com\/fr\/wp-content\/plugins\/wpforms\/assets\/images\/submit-spin.svg","contentUrl":"https:\/\/cargoeu.com\/fr\/wp-content\/plugins\/wpforms\/assets\/images\/submit-spin.svg"},{"@type":"BreadcrumbList","@id":"https:\/\/cargoeu.com\/fr\/contacts\/#breadcrumb","itemListElement":[{"@type":"ListItem","position":1,"name":"Home","item":"https:\/\/cargoeu.com\/fr\/"},{"@type":"ListItem","position":2,"name":"Contacts"}]},{"@type":"WebSite","@id":"https:\/\/cargoeu.com\/fr\/#website","url":"https:\/\/cargoeu.com\/fr\/","name":"FR Szofer Cargo EU","description":"","potentialAction":[{"@type":"SearchAction","target":{"@type":"EntryPoint","urlTemplate":"https:\/\/cargoeu.com\/fr\/?s={search_term_string}"},"query-input":{"@type":"PropertyValueSpecification","valueRequired":true,"valueName":"search_term_string"}}],"inLanguage":"fr-FR"}]}},"_links":{"self":[{"href":"https:\/\/cargoeu.com\/fr\/wp-json\/wp\/v2\/pages\/38","targetHints":{"allow":["GET"]}}],"collection":[{"href":"https:\/\/cargoeu.com\/fr\/wp-json\/wp\/v2\/pages"}],"about":[{"href":"https:\/\/cargoeu.com\/fr\/wp-json\/wp\/v2\/types\/page"}],"author":[{"embeddable":true,"href":"https:\/\/cargoeu.com\/fr\/wp-json\/wp\/v2\/users\/1"}],"replies":[{"embeddable":true,"href":"https:\/\/cargoeu.com\/fr\/wp-json\/wp\/v2\/comments?post=38"}],"version-history":[{"count":18,"href":"https:\/\/cargoeu.com\/fr\/wp-json\/wp\/v2\/pages\/38\/revisions"}],"predecessor-version":[{"id":272,"href":"https:\/\/cargoeu.com\/fr\/wp-json\/wp\/v2\/pages\/38\/revisions\/272"}],"wp:attachment":[{"href":"https:\/\/cargoeu.com\/fr\/wp-json\/wp\/v2\/media?parent=38"}],"curies":[{"name":"wp","href":"https:\/\/api.w.org\/{rel}","templated":true}]}}