{"id":26,"date":"2024-01-15T14:27:49","date_gmt":"2024-01-15T11:27:49","guid":{"rendered":"https:\/\/cargoeu.com\/fr\/for-clients\/"},"modified":"2026-02-05T14:27:21","modified_gmt":"2026-02-05T11:27:21","slug":"for-clients","status":"publish","type":"page","link":"https:\/\/cargoeu.com\/fr\/for-clients\/","title":{"rendered":"Pour les clients"},"content":{"rendered":"\t\t<div data-elementor-type=\"wp-page\" data-elementor-id=\"26\" class=\"elementor elementor-26\" data-elementor-post-type=\"page\">\n\t\t\t\t<div class=\"elementor-element elementor-element-e6195a5 e-flex e-con-boxed e-con e-parent\" data-id=\"e6195a5\" data-element_type=\"container\" data-settings=\"{&quot;background_background&quot;:&quot;video&quot;,&quot;background_video_link&quot;:&quot;https:\\\/\\\/vimeo.com\\\/914683869&quot;,&quot;background_play_on_mobile&quot;:&quot;yes&quot;}\">\n\t\t\t\t\t<div class=\"e-con-inner\">\n\t\t<div class=\"elementor-background-video-container\" aria-hidden=\"true\">\n\t\t\t\t\t\t\t<div class=\"elementor-background-video-embed\"><\/div>\n\t\t\t\t\t\t<\/div><div class=\"elementor-element elementor-element-6ed655a e-con-full blur2 e-flex e-con e-child\" data-id=\"6ed655a\" data-element_type=\"container\">\n\t\t\t\t<div class=\"elementor-element elementor-element-a939f04 elementor-widget elementor-widget-heading\" data-id=\"a939f04\" data-element_type=\"widget\" data-widget_type=\"heading.default\">\n\t\t\t\t<div class=\"elementor-widget-container\">\n\t\t\t\t\t<h1 class=\"elementor-heading-title elementor-size-default\">Pour les clients<\/h1>\t\t\t\t<\/div>\n\t\t\t\t<\/div>\n\t\t\t\t<div class=\"elementor-element elementor-element-554db52 elementor-widget-divider--view-line_icon elementor-view-default elementor-widget-divider--element-align-center elementor-widget elementor-widget-divider\" data-id=\"554db52\" data-element_type=\"widget\" data-widget_type=\"divider.default\">\n\t\t\t\t<div class=\"elementor-widget-container\">\n\t\t\t\t\t\t\t<div class=\"elementor-divider\">\n\t\t\t<span class=\"elementor-divider-separator\">\n\t\t\t\t\t\t\t<div class=\"elementor-icon elementor-divider__element\">\n\t\t\t\t\t<svg aria-hidden=\"true\" class=\"e-font-icon-svg e-fas-truck-moving\" viewBox=\"0 0 640 512\" xmlns=\"http:\/\/www.w3.org\/2000\/svg\"><path d=\"M621.3 237.3l-58.5-58.5c-12-12-28.3-18.7-45.3-18.7H480V64c0-17.7-14.3-32-32-32H32C14.3 32 0 46.3 0 64v336c0 44.2 35.8 80 80 80 26.3 0 49.4-12.9 64-32.4 14.6 19.6 37.7 32.4 64 32.4 44.2 0 80-35.8 80-80 0-5.5-.6-10.8-1.6-16h163.2c-1.1 5.2-1.6 10.5-1.6 16 0 44.2 35.8 80 80 80s80-35.8 80-80c0-5.5-.6-10.8-1.6-16H624c8.8 0 16-7.2 16-16v-85.5c0-17-6.7-33.2-18.7-45.2zM80 432c-17.6 0-32-14.4-32-32s14.4-32 32-32 32 14.4 32 32-14.4 32-32 32zm128 0c-17.6 0-32-14.4-32-32s14.4-32 32-32 32 14.4 32 32-14.4 32-32 32zm272-224h37.5c4.3 0 8.3 1.7 11.3 4.7l43.3 43.3H480v-48zm48 224c-17.6 0-32-14.4-32-32s14.4-32 32-32 32 14.4 32 32-14.4 32-32 32z\"><\/path><\/svg><\/div>\n\t\t\t\t\t\t<\/span>\n\t\t<\/div>\n\t\t\t\t\t\t<\/div>\n\t\t\t\t<\/div>\n\t\t\t\t<div class=\"elementor-element elementor-element-5b2f174 elementor-widget elementor-widget-heading\" data-id=\"5b2f174\" data-element_type=\"widget\" data-widget_type=\"heading.default\">\n\t\t\t\t<div class=\"elementor-widget-container\">\n\t\t\t\t\t<h3 class=\"elementor-heading-title elementor-size-default\">SZOFER CARGO EUROPE\nUNE SOLUTION LOGISTIQUE COMPL\u00c8TE<\/h3>\t\t\t\t<\/div>\n\t\t\t\t<\/div>\n\t\t\t\t<div class=\"elementor-element elementor-element-d85c0ba elementor-widget elementor-widget-text-editor\" data-id=\"d85c0ba\" data-element_type=\"widget\" data-widget_type=\"text-editor.default\">\n\t\t\t\t<div class=\"elementor-widget-container\">\n\t\t\t\t\t\t\t\t\t<p>Chez SZOFER CARGO EUROPE, nous ne sommes pas seulement un fournisseur de services logistiques ; nous sommes votre partenaire strat\u00e9gique dans la gestion de la cha\u00eene d&rsquo;approvisionnement de bout en bout. Nous comprenons les subtilit\u00e9s de la logistique jusque dans les moindres d\u00e9tails. Notre engagement en faveur de l&rsquo;excellence op\u00e9rationnelle garantit que votre fret est trait\u00e9 avec la plus grande efficacit\u00e9 et le plus grand professionnalisme, de l&rsquo;origine \u00e0 la destination.<\/p>\t\t\t\t\t\t\t\t<\/div>\n\t\t\t\t<\/div>\n\t\t\t\t<div class=\"elementor-element elementor-element-52f805a elementor-widget elementor-widget-heading\" data-id=\"52f805a\" data-element_type=\"widget\" data-widget_type=\"heading.default\">\n\t\t\t\t<div class=\"elementor-widget-container\">\n\t\t\t\t\t<h3 class=\"elementor-heading-title elementor-size-default\">Am\u00e9liorons votre logistique<\/h3>\t\t\t\t<\/div>\n\t\t\t\t<\/div>\n\t\t\t\t<div class=\"elementor-element elementor-element-5d5d6fa elementor-widget-divider--view-line_icon elementor-view-default elementor-widget-divider--element-align-center elementor-widget elementor-widget-divider\" data-id=\"5d5d6fa\" data-element_type=\"widget\" data-widget_type=\"divider.default\">\n\t\t\t\t<div class=\"elementor-widget-container\">\n\t\t\t\t\t\t\t<div class=\"elementor-divider\">\n\t\t\t<span class=\"elementor-divider-separator\">\n\t\t\t\t\t\t\t<div class=\"elementor-icon elementor-divider__element\">\n\t\t\t\t\t<svg aria-hidden=\"true\" class=\"e-font-icon-svg e-fas-truck-moving\" viewBox=\"0 0 640 512\" xmlns=\"http:\/\/www.w3.org\/2000\/svg\"><path d=\"M621.3 237.3l-58.5-58.5c-12-12-28.3-18.7-45.3-18.7H480V64c0-17.7-14.3-32-32-32H32C14.3 32 0 46.3 0 64v336c0 44.2 35.8 80 80 80 26.3 0 49.4-12.9 64-32.4 14.6 19.6 37.7 32.4 64 32.4 44.2 0 80-35.8 80-80 0-5.5-.6-10.8-1.6-16h163.2c-1.1 5.2-1.6 10.5-1.6 16 0 44.2 35.8 80 80 80s80-35.8 80-80c0-5.5-.6-10.8-1.6-16H624c8.8 0 16-7.2 16-16v-85.5c0-17-6.7-33.2-18.7-45.2zM80 432c-17.6 0-32-14.4-32-32s14.4-32 32-32 32 14.4 32 32-14.4 32-32 32zm128 0c-17.6 0-32-14.4-32-32s14.4-32 32-32 32 14.4 32 32-14.4 32-32 32zm272-224h37.5c4.3 0 8.3 1.7 11.3 4.7l43.3 43.3H480v-48zm48 224c-17.6 0-32-14.4-32-32s14.4-32 32-32 32 14.4 32 32-14.4 32-32 32z\"><\/path><\/svg><\/div>\n\t\t\t\t\t\t<\/span>\n\t\t<\/div>\n\t\t\t\t\t\t<\/div>\n\t\t\t\t<\/div>\n\t\t\t\t<div class=\"elementor-element elementor-element-25430e5 elementor-widget elementor-widget-text-editor\" data-id=\"25430e5\" data-element_type=\"widget\" data-widget_type=\"text-editor.default\">\n\t\t\t\t<div class=\"elementor-widget-container\">\n\t\t\t\t\t\t\t\t\t<p>Embarquez pour une logistique rationalis\u00e9e avec SZOFER CARGO EUROPE. Contactez nos experts d\u00e8s aujourd&rsquo;hui pour discuter de vos besoins sp\u00e9cifiques. Nous sommes l\u00e0 pour am\u00e9liorer vos op\u00e9rations logistiques, en garantissant la pr\u00e9cision, l&rsquo;agilit\u00e9 et l&rsquo;excellence \u00e0 chaque maillon de votre cha\u00eene d&rsquo;approvisionnement.<\/p>\t\t\t\t\t\t\t\t<\/div>\n\t\t\t\t<\/div>\n\t\t\t\t<\/div>\n\t\t\t\t\t<\/div>\n\t\t\t\t<\/div>\n\t\t<div class=\"elementor-element elementor-element-c11e9d3 e-flex e-con-boxed e-con e-parent\" data-id=\"c11e9d3\" data-element_type=\"container\" data-settings=\"{&quot;background_background&quot;:&quot;classic&quot;}\">\n\t\t\t\t\t<div class=\"e-con-inner\">\n\t\t<div class=\"elementor-element elementor-element-ea42679 e-con-full blur2 e-flex e-con e-child\" data-id=\"ea42679\" data-element_type=\"container\">\n\t\t<div class=\"elementor-element elementor-element-7b22d4a e-con-full e-flex e-con e-child\" data-id=\"7b22d4a\" data-element_type=\"container\">\n\t\t\t\t<div class=\"elementor-element elementor-element-20ebc56 elementor-widget elementor-widget-heading\" data-id=\"20ebc56\" data-element_type=\"widget\" data-widget_type=\"heading.default\">\n\t\t\t\t<div class=\"elementor-widget-container\">\n\t\t\t\t\t<h3 class=\"elementor-heading-title elementor-size-default\">Pourquoi s'associer \u00e0 nous ?<\/h3>\t\t\t\t<\/div>\n\t\t\t\t<\/div>\n\t\t\t\t<div class=\"elementor-element elementor-element-40998a3 elementor-widget-divider--view-line_icon elementor-view-default elementor-widget-divider--element-align-center elementor-widget elementor-widget-divider\" data-id=\"40998a3\" data-element_type=\"widget\" data-widget_type=\"divider.default\">\n\t\t\t\t<div class=\"elementor-widget-container\">\n\t\t\t\t\t\t\t<div class=\"elementor-divider\">\n\t\t\t<span class=\"elementor-divider-separator\">\n\t\t\t\t\t\t\t<div class=\"elementor-icon elementor-divider__element\">\n\t\t\t\t\t<svg aria-hidden=\"true\" class=\"e-font-icon-svg e-fas-truck-moving\" viewBox=\"0 0 640 512\" xmlns=\"http:\/\/www.w3.org\/2000\/svg\"><path d=\"M621.3 237.3l-58.5-58.5c-12-12-28.3-18.7-45.3-18.7H480V64c0-17.7-14.3-32-32-32H32C14.3 32 0 46.3 0 64v336c0 44.2 35.8 80 80 80 26.3 0 49.4-12.9 64-32.4 14.6 19.6 37.7 32.4 64 32.4 44.2 0 80-35.8 80-80 0-5.5-.6-10.8-1.6-16h163.2c-1.1 5.2-1.6 10.5-1.6 16 0 44.2 35.8 80 80 80s80-35.8 80-80c0-5.5-.6-10.8-1.6-16H624c8.8 0 16-7.2 16-16v-85.5c0-17-6.7-33.2-18.7-45.2zM80 432c-17.6 0-32-14.4-32-32s14.4-32 32-32 32 14.4 32 32-14.4 32-32 32zm128 0c-17.6 0-32-14.4-32-32s14.4-32 32-32 32 14.4 32 32-14.4 32-32 32zm272-224h37.5c4.3 0 8.3 1.7 11.3 4.7l43.3 43.3H480v-48zm48 224c-17.6 0-32-14.4-32-32s14.4-32 32-32 32 14.4 32 32-14.4 32-32 32z\"><\/path><\/svg><\/div>\n\t\t\t\t\t\t<\/span>\n\t\t<\/div>\n\t\t\t\t\t\t<\/div>\n\t\t\t\t<\/div>\n\t\t\t\t<div class=\"elementor-element elementor-element-9a2399f elementor-widget elementor-widget-text-editor\" data-id=\"9a2399f\" data-element_type=\"widget\" data-widget_type=\"text-editor.default\">\n\t\t\t\t<div class=\"elementor-widget-container\">\n\t\t\t\t\t\t\t\t\t<p>-Services logistiques int\u00e9gr\u00e9s : Notre portefeuille comprend une gamme compl\u00e8te de services, du chargement partiel de conteneur (LCL) au chargement complet de conteneur (FCL), des solutions de transport intermodal et des services de transport roulier (RoRo).<\/p><p>-Transport de fret avanc\u00e9 : En utilisant une combinaison de transports multimodaux, nous optimisons l&rsquo;acheminement de votre fret en termes de d\u00e9lais, de co\u00fbts et d&rsquo;impact sur l&rsquo;environnement, en respectant les normes Incoterms.<\/p><p>-Visibilit\u00e9 de la cha\u00eene d&rsquo;approvisionnement : Gr\u00e2ce \u00e0 notre syst\u00e8me de gestion des transports (TMS) de pointe, vous b\u00e9n\u00e9ficiez d&rsquo;une visibilit\u00e9 et d&rsquo;un contr\u00f4le en temps r\u00e9el de vos exp\u00e9ditions, avec un suivi au niveau des unit\u00e9s de stock et des analyses avanc\u00e9es.<\/p><p>-Expertise en mati\u00e8re de douane et de conformit\u00e9 : Notre \u00e9quipe veille au respect des r\u00e9glementations commerciales internationales et facilite le courtage en douane, r\u00e9duisant ainsi le risque de retards et de surestaries.<\/p>\t\t\t\t\t\t\t\t<\/div>\n\t\t\t\t<\/div>\n\t\t\t\t<\/div>\n\t\t<div class=\"elementor-element elementor-element-6778f37 e-con-full e-flex e-con e-child\" data-id=\"6778f37\" data-element_type=\"container\">\n\t\t\t\t<div class=\"elementor-element elementor-element-1c1a6fc elementor-widget elementor-widget-heading\" data-id=\"1c1a6fc\" data-element_type=\"widget\" data-widget_type=\"heading.default\">\n\t\t\t\t<div class=\"elementor-widget-container\">\n\t\t\t\t\t<h3 class=\"elementor-heading-title elementor-size-default\">Nos services de base<\/h3>\t\t\t\t<\/div>\n\t\t\t\t<\/div>\n\t\t\t\t<div class=\"elementor-element elementor-element-f73c591 elementor-widget-divider--view-line_icon elementor-view-default elementor-widget-divider--element-align-center elementor-widget elementor-widget-divider\" data-id=\"f73c591\" data-element_type=\"widget\" data-widget_type=\"divider.default\">\n\t\t\t\t<div class=\"elementor-widget-container\">\n\t\t\t\t\t\t\t<div class=\"elementor-divider\">\n\t\t\t<span class=\"elementor-divider-separator\">\n\t\t\t\t\t\t\t<div class=\"elementor-icon elementor-divider__element\">\n\t\t\t\t\t<svg aria-hidden=\"true\" class=\"e-font-icon-svg e-fas-truck-moving\" viewBox=\"0 0 640 512\" xmlns=\"http:\/\/www.w3.org\/2000\/svg\"><path d=\"M621.3 237.3l-58.5-58.5c-12-12-28.3-18.7-45.3-18.7H480V64c0-17.7-14.3-32-32-32H32C14.3 32 0 46.3 0 64v336c0 44.2 35.8 80 80 80 26.3 0 49.4-12.9 64-32.4 14.6 19.6 37.7 32.4 64 32.4 44.2 0 80-35.8 80-80 0-5.5-.6-10.8-1.6-16h163.2c-1.1 5.2-1.6 10.5-1.6 16 0 44.2 35.8 80 80 80s80-35.8 80-80c0-5.5-.6-10.8-1.6-16H624c8.8 0 16-7.2 16-16v-85.5c0-17-6.7-33.2-18.7-45.2zM80 432c-17.6 0-32-14.4-32-32s14.4-32 32-32 32 14.4 32 32-14.4 32-32 32zm128 0c-17.6 0-32-14.4-32-32s14.4-32 32-32 32 14.4 32 32-14.4 32-32 32zm272-224h37.5c4.3 0 8.3 1.7 11.3 4.7l43.3 43.3H480v-48zm48 224c-17.6 0-32-14.4-32-32s14.4-32 32-32 32 14.4 32 32-14.4 32-32 32z\"><\/path><\/svg><\/div>\n\t\t\t\t\t\t<\/span>\n\t\t<\/div>\n\t\t\t\t\t\t<\/div>\n\t\t\t\t<\/div>\n\t\t\t\t<div class=\"elementor-element elementor-element-adfe168 elementor-widget elementor-widget-text-editor\" data-id=\"adfe168\" data-element_type=\"widget\" data-widget_type=\"text-editor.default\">\n\t\t\t\t<div class=\"elementor-widget-container\">\n\t\t\t\t\t\t\t\t\t<p>Services -3PL et 4PL : De l&rsquo;entreposage et de la distribution \u00e0 la gestion compl\u00e8te de la logistique de quatri\u00e8me partie (4PL), nous offrons des solutions \u00e9volutives pour r\u00e9pondre \u00e0 vos besoins en constante \u00e9volution.<\/p><p>&#8211; Cross-docking et transbordement : Am\u00e9liorez l&rsquo;efficacit\u00e9 de votre cha\u00eene d&rsquo;approvisionnement gr\u00e2ce \u00e0 nos services strat\u00e9giques de transbordement et de transbordement, en minimisant les co\u00fbts de stockage et les temps de transit.<\/p><p>&#8211; Gestion des stocks : Gr\u00e2ce \u00e0 nos pratiques de juste-\u00e0-temps (JIT) et de gestion des stocks par les fournisseurs (VMI), nous vous aidons \u00e0 optimiser les niveaux de stocks et \u00e0 r\u00e9duire les co\u00fbts de possession.<\/p><p>&#8211; Logistique inverse : Rationalisez votre processus de retour gr\u00e2ce \u00e0 nos solutions efficaces de logistique inverse, qui garantissent la satisfaction du client et des pratiques durables.<\/p>\t\t\t\t\t\t\t\t<\/div>\n\t\t\t\t<\/div>\n\t\t\t\t<\/div>\n\t\t\t\t<\/div>\n\t\t\t\t\t<\/div>\n\t\t\t\t<\/div>\n\t\t\t\t<\/div>\n\t\t","protected":false},"excerpt":{"rendered":"<p>&nbsp; SZOFER CARGO EUROPE UNE SOLUTION LOGISTIQUE COMPL\u00c8TE Chez SZOFER CARGO EUROPE, nous ne sommes pas seulement un fournisseur de services logistiques ; nous sommes votre partenaire strat\u00e9gique dans la gestion de la cha\u00eene d&rsquo;approvisionnement de bout en bout. Nous comprenons les subtilit\u00e9s de la logistique jusque dans les moindres d\u00e9tails. Notre engagement en faveur [&hellip;]<\/p>\n","protected":false},"author":1,"featured_media":0,"parent":0,"menu_order":0,"comment_status":"closed","ping_status":"closed","template":"","meta":{"footnotes":""},"class_list":["post-26","page","type-page","status-publish","hentry"],"yoast_head":"<!-- This site is optimized with the Yoast SEO Premium plugin v25.6 (Yoast SEO v25.6) - https:\/\/yoast.com\/wordpress\/plugins\/seo\/ -->\n<title>Cargo pour clients | Services logistiques &amp; transport EU<\/title>\n<meta name=\"description\" content=\"Solutions cargo pour clients : transport international, suivi des envois, douanes, entreposage et assistance personnalis\u00e9e pour votre entreprise en Europe.\" \/>\n<meta name=\"robots\" content=\"index, follow, max-snippet:-1, max-image-preview:large, max-video-preview:-1\" \/>\n<link rel=\"canonical\" href=\"https:\/\/cargoeu.com\/fr\/for-clients\/\" \/>\n<meta property=\"og:locale\" content=\"fr_FR\" \/>\n<meta property=\"og:type\" content=\"article\" \/>\n<meta property=\"og:title\" content=\"Pour les clients\" \/>\n<meta property=\"og:description\" content=\"Solutions cargo pour clients : transport international, suivi des envois, douanes, entreposage et assistance personnalis\u00e9e pour votre entreprise en Europe.\" \/>\n<meta property=\"og:url\" content=\"https:\/\/cargoeu.com\/fr\/for-clients\/\" \/>\n<meta property=\"og:site_name\" content=\"FR Szofer Cargo EU\" \/>\n<meta property=\"article:modified_time\" content=\"2026-02-05T11:27:21+00:00\" \/>\n<meta name=\"twitter:card\" content=\"summary_large_image\" \/>\n<meta name=\"twitter:label1\" content=\"Dur\u00e9e de lecture estim\u00e9e\" \/>\n\t<meta name=\"twitter:data1\" content=\"3 minutes\" \/>\n<script type=\"application\/ld+json\" class=\"yoast-schema-graph\">{\"@context\":\"https:\/\/schema.org\",\"@graph\":[{\"@type\":\"WebPage\",\"@id\":\"https:\/\/cargoeu.com\/fr\/for-clients\/\",\"url\":\"https:\/\/cargoeu.com\/fr\/for-clients\/\",\"name\":\"Cargo pour clients | Services logistiques & transport EU\",\"isPartOf\":{\"@id\":\"https:\/\/cargoeu.com\/fr\/#website\"},\"datePublished\":\"2024-01-15T11:27:49+00:00\",\"dateModified\":\"2026-02-05T11:27:21+00:00\",\"description\":\"Solutions cargo pour clients : transport international, suivi des envois, douanes, entreposage et assistance personnalis\u00e9e pour votre entreprise en Europe.\",\"breadcrumb\":{\"@id\":\"https:\/\/cargoeu.com\/fr\/for-clients\/#breadcrumb\"},\"inLanguage\":\"fr-FR\",\"potentialAction\":[{\"@type\":\"ReadAction\",\"target\":[\"https:\/\/cargoeu.com\/fr\/for-clients\/\"]}]},{\"@type\":\"BreadcrumbList\",\"@id\":\"https:\/\/cargoeu.com\/fr\/for-clients\/#breadcrumb\",\"itemListElement\":[{\"@type\":\"ListItem\",\"position\":1,\"name\":\"Home\",\"item\":\"https:\/\/cargoeu.com\/fr\/\"},{\"@type\":\"ListItem\",\"position\":2,\"name\":\"Pour les clients\"}]},{\"@type\":\"WebSite\",\"@id\":\"https:\/\/cargoeu.com\/fr\/#website\",\"url\":\"https:\/\/cargoeu.com\/fr\/\",\"name\":\"FR Szofer Cargo EU\",\"description\":\"\",\"potentialAction\":[{\"@type\":\"SearchAction\",\"target\":{\"@type\":\"EntryPoint\",\"urlTemplate\":\"https:\/\/cargoeu.com\/fr\/?s={search_term_string}\"},\"query-input\":{\"@type\":\"PropertyValueSpecification\",\"valueRequired\":true,\"valueName\":\"search_term_string\"}}],\"inLanguage\":\"fr-FR\"}]}<\/script>\n<!-- \/ Yoast SEO Premium plugin. -->","yoast_head_json":{"title":"Cargo pour clients | Services logistiques & transport EU","description":"Solutions cargo pour clients : transport international, suivi des envois, douanes, entreposage et assistance personnalis\u00e9e pour votre entreprise en Europe.","robots":{"index":"index","follow":"follow","max-snippet":"max-snippet:-1","max-image-preview":"max-image-preview:large","max-video-preview":"max-video-preview:-1"},"canonical":"https:\/\/cargoeu.com\/fr\/for-clients\/","og_locale":"fr_FR","og_type":"article","og_title":"Pour les clients","og_description":"Solutions cargo pour clients : transport international, suivi des envois, douanes, entreposage et assistance personnalis\u00e9e pour votre entreprise en Europe.","og_url":"https:\/\/cargoeu.com\/fr\/for-clients\/","og_site_name":"FR Szofer Cargo EU","article_modified_time":"2026-02-05T11:27:21+00:00","twitter_card":"summary_large_image","twitter_misc":{"Dur\u00e9e de lecture estim\u00e9e":"3 minutes"},"schema":{"@context":"https:\/\/schema.org","@graph":[{"@type":"WebPage","@id":"https:\/\/cargoeu.com\/fr\/for-clients\/","url":"https:\/\/cargoeu.com\/fr\/for-clients\/","name":"Cargo pour clients | Services logistiques & transport EU","isPartOf":{"@id":"https:\/\/cargoeu.com\/fr\/#website"},"datePublished":"2024-01-15T11:27:49+00:00","dateModified":"2026-02-05T11:27:21+00:00","description":"Solutions cargo pour clients : transport international, suivi des envois, douanes, entreposage et assistance personnalis\u00e9e pour votre entreprise en Europe.","breadcrumb":{"@id":"https:\/\/cargoeu.com\/fr\/for-clients\/#breadcrumb"},"inLanguage":"fr-FR","potentialAction":[{"@type":"ReadAction","target":["https:\/\/cargoeu.com\/fr\/for-clients\/"]}]},{"@type":"BreadcrumbList","@id":"https:\/\/cargoeu.com\/fr\/for-clients\/#breadcrumb","itemListElement":[{"@type":"ListItem","position":1,"name":"Home","item":"https:\/\/cargoeu.com\/fr\/"},{"@type":"ListItem","position":2,"name":"Pour les clients"}]},{"@type":"WebSite","@id":"https:\/\/cargoeu.com\/fr\/#website","url":"https:\/\/cargoeu.com\/fr\/","name":"FR Szofer Cargo EU","description":"","potentialAction":[{"@type":"SearchAction","target":{"@type":"EntryPoint","urlTemplate":"https:\/\/cargoeu.com\/fr\/?s={search_term_string}"},"query-input":{"@type":"PropertyValueSpecification","valueRequired":true,"valueName":"search_term_string"}}],"inLanguage":"fr-FR"}]}},"_links":{"self":[{"href":"https:\/\/cargoeu.com\/fr\/wp-json\/wp\/v2\/pages\/26","targetHints":{"allow":["GET"]}}],"collection":[{"href":"https:\/\/cargoeu.com\/fr\/wp-json\/wp\/v2\/pages"}],"about":[{"href":"https:\/\/cargoeu.com\/fr\/wp-json\/wp\/v2\/types\/page"}],"author":[{"embeddable":true,"href":"https:\/\/cargoeu.com\/fr\/wp-json\/wp\/v2\/users\/1"}],"replies":[{"embeddable":true,"href":"https:\/\/cargoeu.com\/fr\/wp-json\/wp\/v2\/comments?post=26"}],"version-history":[{"count":15,"href":"https:\/\/cargoeu.com\/fr\/wp-json\/wp\/v2\/pages\/26\/revisions"}],"predecessor-version":[{"id":273,"href":"https:\/\/cargoeu.com\/fr\/wp-json\/wp\/v2\/pages\/26\/revisions\/273"}],"wp:attachment":[{"href":"https:\/\/cargoeu.com\/fr\/wp-json\/wp\/v2\/media?parent=26"}],"curies":[{"name":"wp","href":"https:\/\/api.w.org\/{rel}","templated":true}]}}